{"id":42,"date":"2022-02-14T20:03:37","date_gmt":"2022-02-14T19:03:37","guid":{"rendered":"https:\/\/sportizabawa.eu\/?page_id=42"},"modified":"2024-12-14T19:57:30","modified_gmt":"2024-12-14T18:57:30","slug":"o-nas","status":"publish","type":"page","link":"https:\/\/sportizabawa.eu\/index.php\/o-nas\/","title":{"rendered":"Program SPORT DLA WSZYSTKICH"},"content":{"rendered":"<p><strong>MIKO\u0141AJKOWE ZAWODY P\u0141YWACKIE<\/strong><\/p>\n<p>6.12.2024<\/p>\n<p>W dniach 2-5 grudnia odby\u0142y si\u0119 w naszym stowarzyszeniu Miko\u0142ajkowe Zawody P\u0142ywackie. W tej wspania\u0142ej zabawie uczestniczy\u0142a 60 dzieci w wieku od 5 do 16 lat. Startowali one na dystansach od jednego do dw\u00f3ch d\u0142ugo\u015bci basenu. Po trudach zawod\u00f3w by\u0142a zabawa z Miko\u0142ajem, kt\u00f3ry podarowa\u0142 dzieciom medale i nagrody. Gratulacje dla wszystkich uczestnik\u00f3w.Zawody odby\u0142y si\u0119 dzi\u0119ki dofinansowaniu w<span class=\"x193iq5w xeuugli x13faqbe x1vvkbs x1xmvt09 x1lliihq x1s928wv xhkezso x1gmr53x x1cpjm7i x1fgarty x1943h6x xudqn12 x3x7a5m x6prxxf xvq8zen xo1l8bm xzsf02u x1yc453h\" dir=\"auto\"> ramach projektu &#8221; Upowszechnianie sportu r\u00f3\u017cnych grup spo\u0142ecznych i \u015brodowiskowych 2024&#8243; &#8222;Sport dla Wszystkich 2024&#8221; w programie nauki i doskonalenia p\u0142ywania w\u015br\u00f3d dzieci i m\u0142odzie\u017cy &#8222;P\u0142ywaj z B\u0105blem&#8221;<\/span><\/p>\n<p><img loading=\"lazy\" decoding=\"async\" class=\"wp-image-418 alignnone\" src=\"https:\/\/sportizabawa.eu\/wp-content\/uploads\/2024\/12\/FB_IMG_1734202432379-268x300.jpg\" alt=\"\" width=\"324\" height=\"363\" srcset=\"https:\/\/sportizabawa.eu\/wp-content\/uploads\/2024\/12\/FB_IMG_1734202432379-268x300.jpg 268w, https:\/\/sportizabawa.eu\/wp-content\/uploads\/2024\/12\/FB_IMG_1734202432379-915x1024.jpg 915w, https:\/\/sportizabawa.eu\/wp-content\/uploads\/2024\/12\/FB_IMG_1734202432379-768x860.jpg 768w, https:\/\/sportizabawa.eu\/wp-content\/uploads\/2024\/12\/FB_IMG_1734202432379-536x600.jpg 536w, https:\/\/sportizabawa.eu\/wp-content\/uploads\/2024\/12\/FB_IMG_1734202432379.jpg 1080w\" sizes=\"auto, (max-width: 324px) 100vw, 324px\" \/><\/p>\n<p><strong>P\u0141YWAJ Z B\u0104BLEM&nbsp;<\/strong><\/p>\n<p>11.11.2024<\/p>\n<p><span class=\"x193iq5w xeuugli x13faqbe x1vvkbs x1xmvt09 x1lliihq x1s928wv xhkezso x1gmr53x x1cpjm7i x1fgarty x1943h6x xudqn12 x3x7a5m x6prxxf xvq8zen xo1l8bm xzsf02u x1yc453h\" dir=\"auto\">W ramach projektu &#8221; Upowszechnianie sportu r\u00f3\u017cnych grup spo\u0142ecznych i \u015brodowiskowych 2024&#8243; &#8222;Sport dla Wszystkich 2024&#8221; w programie nauki i doskonalenia p\u0142ywania w\u015br\u00f3d dzieci i m\u0142odzie\u017cy &#8222;P\u0142ywaj z B\u0105blem&#8221; 60 dzieci uczestniczy w zaj\u0119ciach sportowych pod czujnym okiem trener\u00f3w doskonal\u0105c swoje umiej\u0119tno\u015bci p\u0142ywackie i ucz\u0105c si\u0119 jak bezpiecznie zachowywa\u0107 si\u0119 nad wod\u0105. Poznaj\u0105 techniki p\u0142ywackie, zasady bezpiecznego post\u0119powania nad wod\u0105, poprawiaj\u0105 swoj\u0105 kondycj\u0119 i sprawno\u015b\u0107 fizyczn\u0105.<br \/>\n<\/span><\/p>\n<p><img loading=\"lazy\" decoding=\"async\" class=\"alignnone size-medium wp-image-379\" src=\"https:\/\/sportizabawa.eu\/wp-content\/uploads\/2024\/11\/1-300x225.jpg\" alt=\"\" width=\"300\" height=\"225\" srcset=\"https:\/\/sportizabawa.eu\/wp-content\/uploads\/2024\/11\/1-300x225.jpg 300w, https:\/\/sportizabawa.eu\/wp-content\/uploads\/2024\/11\/1-1024x768.jpg 1024w, https:\/\/sportizabawa.eu\/wp-content\/uploads\/2024\/11\/1-768x576.jpg 768w, https:\/\/sportizabawa.eu\/wp-content\/uploads\/2024\/11\/1-1536x1152.jpg 1536w, https:\/\/sportizabawa.eu\/wp-content\/uploads\/2024\/11\/1-160x120.jpg 160w, https:\/\/sportizabawa.eu\/wp-content\/uploads\/2024\/11\/1-600x450.jpg 600w, https:\/\/sportizabawa.eu\/wp-content\/uploads\/2024\/11\/1.jpg 2048w\" sizes=\"auto, (max-width: 300px) 100vw, 300px\" \/><\/p>\n<p>19.08.2024<\/p>\n<p>Zapraszamy na zaj\u0119cia nauki i doskonalenia z p\u0142ywania w ramach Projektu<\/p>\n<h5 class=\"media-heading pointer case-title\">Upowszechnianie sportu r\u00f3\u017cnych grup spo\u0142ecznych i \u015brodowiskowych 2024<\/h5>\n<p><strong>SPORT DLA WSZYSTKICH2024<\/strong><\/p>\n<p>Nazwa: Program Nauki i doskonalenia P\u0142ywania w\u015br\u00f3d dzieci i m\u0142odzie\u017cy &#8222;P\u0142ywaj z B\u0105blem&#8221;<\/p>\n<p>Zaj\u0119cia odbywaj\u0105 si\u0119 od wrze\u015bnia do grudnia 2024 r. na p\u0142ywalni Szko\u0142y Podstawowej Nr 56 w Szczecinie w ka\u017cdy poniedzia\u0142ek,\u015brod\u0119 i czwartek o godzinie 17.00. Zapraszamy do kontaktu &#8211;&nbsp; ilo\u015b\u0107 miejsc ograniczona!<\/p>\n<p><img loading=\"lazy\" decoding=\"async\" class=\"alignnone wp-image-366\" src=\"https:\/\/sportizabawa.eu\/wp-content\/uploads\/2024\/10\/tablica__budzet__panstwa__180x120-300x200.jpg\" alt=\"\" width=\"428\" height=\"285\" srcset=\"https:\/\/sportizabawa.eu\/wp-content\/uploads\/2024\/10\/tablica__budzet__panstwa__180x120-300x200.jpg 300w, https:\/\/sportizabawa.eu\/wp-content\/uploads\/2024\/10\/tablica__budzet__panstwa__180x120-1024x683.jpg 1024w, https:\/\/sportizabawa.eu\/wp-content\/uploads\/2024\/10\/tablica__budzet__panstwa__180x120-768x512.jpg 768w, https:\/\/sportizabawa.eu\/wp-content\/uploads\/2024\/10\/tablica__budzet__panstwa__180x120-1536x1024.jpg 1536w, https:\/\/sportizabawa.eu\/wp-content\/uploads\/2024\/10\/tablica__budzet__panstwa__180x120-2048x1365.jpg 2048w, https:\/\/sportizabawa.eu\/wp-content\/uploads\/2024\/10\/tablica__budzet__panstwa__180x120-600x400.jpg 600w\" sizes=\"auto, (max-width: 428px) 100vw, 428px\" \/><\/p>\n","protected":false},"excerpt":{"rendered":"<p>MIKO\u0141AJKOWE ZAWODY P\u0141YWACKIE 6.12.2024 W dniach 2-5 grudnia odby\u0142y si\u0119 w naszym stowarzyszeniu Miko\u0142ajkowe Zawody P\u0142ywackie. W tej wspania\u0142ej zabawie uczestniczy\u0142a 60 dzieci w wieku od 5 do 16 lat. Startowali one na dystansach od jednego do dw\u00f3ch d\u0142ugo\u015bci basenu. Po trudach zawod\u00f3w by\u0142a zabawa z Miko\u0142ajem, kt\u00f3ry podarowa\u0142 dzieciom medale i nagrody. Gratulacje dla&hellip;<\/p>\n","protected":false},"author":1,"featured_media":0,"parent":0,"menu_order":0,"comment_status":"closed","ping_status":"closed","template":"","meta":{"ngg_post_thumbnail":0,"two_page_speed":[],"footnotes":""},"class_list":["post-42","page","type-page","status-publish","hentry"],"_links":{"self":[{"href":"https:\/\/sportizabawa.eu\/index.php\/wp-json\/wp\/v2\/pages\/42","targetHints":{"allow":["GET"]}}],"collection":[{"href":"https:\/\/sportizabawa.eu\/index.php\/wp-json\/wp\/v2\/pages"}],"about":[{"href":"https:\/\/sportizabawa.eu\/index.php\/wp-json\/wp\/v2\/types\/page"}],"author":[{"embeddable":true,"href":"https:\/\/sportizabawa.eu\/index.php\/wp-json\/wp\/v2\/users\/1"}],"replies":[{"embeddable":true,"href":"https:\/\/sportizabawa.eu\/index.php\/wp-json\/wp\/v2\/comments?post=42"}],"version-history":[{"count":10,"href":"https:\/\/sportizabawa.eu\/index.php\/wp-json\/wp\/v2\/pages\/42\/revisions"}],"predecessor-version":[{"id":419,"href":"https:\/\/sportizabawa.eu\/index.php\/wp-json\/wp\/v2\/pages\/42\/revisions\/419"}],"wp:attachment":[{"href":"https:\/\/sportizabawa.eu\/index.php\/wp-json\/wp\/v2\/media?parent=42"}],"curies":[{"name":"wp","href":"https:\/\/api.w.org\/{rel}","templated":true}]}}