{"id":45,"date":"2022-02-14T20:03:37","date_gmt":"2022-02-14T19:03:37","guid":{"rendered":"https:\/\/sportizabawa.eu\/?page_id=45"},"modified":"2022-02-14T21:32:26","modified_gmt":"2022-02-14T20:32:26","slug":"statut","status":"publish","type":"page","link":"https:\/\/sportizabawa.eu\/index.php\/statut\/","title":{"rendered":"STATUT"},"content":{"rendered":"<p style=\"text-align: left;\"><strong>STATUT STOWARZYSZENIA \u201eSPORT I ZABAWA\u201d<\/strong><\/p>\n<p style=\"text-align: left;\"><strong>Rozdzia\u0142 I<br \/>\nPostanowienia og\u00f3lne <\/strong><\/p>\n<ol style=\"text-align: left;\">\n<li>Stowarzyszenie nosi nazw\u0119 \u201eSPORT I ZABAWA\u201d w dalszych postanowieniach statutu zwane Stowarzyszeniem.<\/li>\n<li>Stowarzyszenie jest zrzeszeniem os\u00f3b fizycznych, zawi\u0105zanym dla realizacji i propagowania sportu i aktywnego wypoczynku dzieci, m\u0142odzie\u017cy i doros\u0142ych, organizacji czasu wolnego dla dzieci, m\u0142odzie\u017cy i ich rodzic\u00f3w, upowszechniania idei zdrowego trybu \u017cycia, rozwijania pasji i zainteresowa\u0144, przyczyniania si\u0119 do rozwoju kultury fizycznej i promocji zdrowia\u00a0 , a tak\u017ce wspierania os\u00f3b i organizacji podejmuj\u0105cych takie dzia\u0142ania.<\/li>\n<li>Siedzib\u0105 stowarzyszenia jest gmina miasto Szczecin. Terenem dzia\u0142ania jest obszar Rzeczypospolitej Polskiej ze szczeg\u00f3lnym uwzgl\u0119dnieniem miasta Szczecina i wojew\u00f3dztwa zachodniopomorskiego.<\/li>\n<li>Dla realizacji cel\u00f3w statutowych stowarzyszenie mo\u017ce dzia\u0142a\u0107 na terenie innych pa\u0144stw z poszanowaniem tamtejszego prawa.<\/li>\n<li>Stowarzyszenie jest zawi\u0105zane na czas nieograniczony. Posiada osobowo\u015b\u0107 prawn\u0105. Dzia\u0142a na podstawie przepis\u00f3w ustawy Prawo o stowarzyszeniach (Dz. U. z 1989r. nr 20, poz. 104 z p\u00f3\u017aniejszymi zmianami) oraz niniejszego statutu.<\/li>\n<li>Stowarzyszenia ma prawo u\u017cywania piecz\u0119ci i odznak zgodnie z obowi\u0105zuj\u0105cymi przepisami.<\/li>\n<li>Stowarzyszenie mo\u017ce nale\u017ce\u0107 do innych krajowych i mi\u0119dzynarodowych organizacji o podobnych celach.<\/li>\n<li>Dzia\u0142alno\u015b\u0107 Stowarzyszenia oparta jest przede wszystkim o prac\u0119 spo\u0142eczn\u0105 cz\u0142onk\u00f3w. Do prowadzenia swoich dzia\u0142a\u0144 mo\u017ce zatrudnia\u0107 pracownik\u00f3w.<\/li>\n<\/ol>\n<p style=\"text-align: left;\"><strong>Rozdzia\u0142 II<br \/>\nCele i \u015brodki dzia\u0142ania<\/strong><\/p>\n<ol style=\"text-align: left;\" start=\"9\">\n<li>Celem Stowarzyszenia jest:<\/li>\n<\/ol>\n<ul style=\"text-align: left;\">\n<li>organizacja czasu wolnego i wypoczynku dzieci, m\u0142odzie\u017cy i doros\u0142ych,<\/li>\n<li>organizacja trening\u00f3w, zawod\u00f3w i imprez sportowych oraz turystycznych (dla dzieci, m\u0142odzie\u017cy i doros\u0142ych)<\/li>\n<li>organizacja imprez charytatywnych i integracyjnych<\/li>\n<li>umacnianie \u015bci\u015blejszych kontakt\u00f3w w\u015br\u00f3d cz\u0142onk\u00f3w rodzin,<\/li>\n<li>zwalczanie i ograniczanie zachowa\u0144 patologicznych w\u015br\u00f3d dzieci i m\u0142odzie\u017cy obj\u0119tych tym problemem,<\/li>\n<li>popularyzacja r\u00f3\u017cnorodnych form aktywno\u015bci sportowej poprzez organizacj\u0119 oboz\u00f3w, zawod\u00f3w, zabaw, itp.<\/li>\n<li>krzewienie zami\u0142owania do kultury fizycznej, sportu i turystyki w\u015br\u00f3d dzieci, m\u0142odzie\u017cy, os\u00f3b doros\u0142ych,<\/li>\n<li>popularyzacja aktywnych form sp\u0119dzania czasu wolnego dla ca\u0142ych rodzin,<\/li>\n<li>promowanie zdrowego stylu \u017cycia,<\/li>\n<li>rozwijanie wszelkich zdolno\u015bci i talent\u00f3w,<\/li>\n<li>aktywizacja os\u00f3b starszych, nauka o prawid\u0142owych nawykach zdrowotnych oraz zwi\u0119kszenie motywacji do aktywno\u015bci ruchowej po 50 roku.<\/li>\n<\/ul>\n<ol style=\"text-align: left;\" start=\"10\">\n<li>Stowarzyszenie swe cele realizuje poprzez:<\/li>\n<\/ol>\n<ul style=\"text-align: left;\">\n<li>propagowanie r\u00f3\u017cnorodnych form aktywnego sp\u0119dzania czasu wolnego,<\/li>\n<li>organizowanie trening\u00f3w, konkurs\u00f3w, wycieczek, oboz\u00f3w, imprez o charakterze sportowym, turniej\u00f3w, zabaw dla dzieci i m\u0142odzie\u017cy, doros\u0142ych,<\/li>\n<li>organizowanie zawod\u00f3w i imprez sportowych oraz turystycznych (dla dzieci, m\u0142odzie\u017cy i doros\u0142ych),<\/li>\n<li>organizowanie imprez charytatywnych i integracyjnych,<\/li>\n<li>walk\u0119 z na\u0142ogami i zagro\u017ceniami cywilizacyjnymi i patologicznymi,<\/li>\n<li>nauk\u0119 bezpiecznego stylu \u017cycia,<\/li>\n<li>wprowadzanie \u015bwiadomych ogranicze\u0144 w \u017cyciu osobistym w celu zapewnienia bezpiecze\u0144stwa,<\/li>\n<li>umacnianie roli i rozw\u00f3j lokalnych stowarzysze\u0144 aktywizuj\u0105cych osoby do dzia\u0142a\u0144 na rzecz spo\u0142eczno\u015bci, w kt\u00f3rych \u017cyj\u0105,<\/li>\n<li>udzia\u0142 w kszta\u0142towaniu lokalnego prawa i praworz\u0105dno\u015bci oraz innych akt\u00f3w prawnych maj\u0105cych wp\u0142yw na rozw\u00f3j spo\u0142eczno\u015bci lokalnej,<\/li>\n<li>organizowanie i inicjowanie konkurs\u00f3w, turniej\u00f3w, olimpiad i innych form popularyzacji aktywno\u015bci spo\u0142ecznej<\/li>\n<li>aktywizacj\u0119 ruchow\u0105 senior\u00f3w,<\/li>\n<li>organizowanie wymiany do\u015bwiadcze\u0144, wyjazd\u00f3w specjalistycznych oraz wsp\u00f3\u0142pracy mi\u0119dzy stowarzyszeniami o podobnym profilu dzia\u0142ania w kraju i za granic\u0105.<\/li>\n<\/ul>\n<ol style=\"text-align: left;\" start=\"11\">\n<li>Prowadzenie nieodp\u0142atnej dzia\u0142alno\u015bci po\u017cytku publicznego, a w tym:<\/li>\n<\/ol>\n<ul style=\"text-align: left;\">\n<li>organizowanie trening\u00f3w, zaj\u0119\u0107, konkurs\u00f3w, wycieczek, imprez o charakterze sportowym, poznawczym, turniej\u00f3w, zabaw dla dzieci, m\u0142odzie\u017cy i doros\u0142ych,<\/li>\n<li>organizowanie szkole\u0144 i imprez prozdrowotnych,<\/li>\n<li>szkolenie i doskonalenie os\u00f3b do aktywno\u015bci spo\u0142ecznej i wolontariatu,<\/li>\n<li>organizowanie narad naukowych, konferencji, odczyt\u00f3w, szkole\u0144, sympozj\u00f3w i seminari\u00f3w dotycz\u0105cych rozwoju aktywno\u015bci spo\u0142ecznej,<\/li>\n<li>opracowanie, wydawanie i rozpowszechnianie wydawnictw instrukta\u017cowych, szkoleniowych, popularno-naukowych, specjalistycznych z zakresu aktywno\u015bci spo\u0142ecznej,<\/li>\n<li>organizowanie i inicjowanie lokalnych przedsi\u0119wzi\u0119\u0107 zmierzaj\u0105cych do ochrony \u015brodowiska, ekologii, bezpiecze\u0144stwa, sportu i rekreacji, przeciwdzia\u0142ania alkoholizmowi, dzia\u0142a\u0144 prozdrowotnych,<\/li>\n<li>wsp\u00f3\u0142praca z krajowymi i zagranicznymi instytucjami, organizacjami, \u015brodowiskami i osobami fizycznymi na rzecz realizacji zada\u0144 zgodnych z celami Stowarzyszenia,<\/li>\n<li>prowadzenie dzia\u0142alno\u015bci charytatywnej,<\/li>\n<li>organizowanie wypoczynku dzieci i m\u0142odzie\u017cy,<\/li>\n<li>wspieranie i upowszechnianie kultury i kultury fizycznej,<\/li>\n<li>wspieranie i upowszechnianie turystyki i krajoznawstwa,<\/li>\n<li>prowadzenie dzia\u0142alno\u015bci sportowo-rekreacyjnej i zwi\u0105zanej z turystyk\u0105,<\/li>\n<li>organizowanie imprez sportowo-turystycznych,<\/li>\n<li>organizowanie imprez, maj\u0105cych na celu poznanie regionu Szczecina, Pomorza Zachodniego, kraju i miejsc historycznych.<\/li>\n<\/ul>\n<ol style=\"text-align: left;\" start=\"12\">\n<li>Prowadzenie odp\u0142atnej dzia\u0142alno\u015bci po\u017cytku publicznego, a w tym:<\/li>\n<\/ol>\n<ul style=\"text-align: left;\">\n<li>prowadzenie ,systematycznych, zorganizowanych trening\u00f3w i zaj\u0119\u0107 sportowych dla dzieci, m\u0142odzie\u017cy i doros\u0142ych,<\/li>\n<li>dzia\u0142alno\u015b\u0107 instruktor\u00f3w, nauczycieli, wychowawc\u00f3w i trener\u00f3w sportowych.<\/li>\n<li>praca na rzecz stowarzyszenia takich os\u00f3b jak: lekarz, s\u0119dzia, ksi\u0119gowa, wychowawca-opiekun, itp.<\/li>\n<li>pobieranie op\u0142at od uczestnik\u00f3w w organizowanych obozach rekreacyjno-sportowych, turystyczno- krajoznawczych,<\/li>\n<li>organizowanie imprez sportowych dla sportowc\u00f3w amator\u00f3w z wykorzystaniem w\u0142asnych lub nie obiekt\u00f3w sportowych,<\/li>\n<li>organizowanie zaj\u0119\u0107, konkurs\u00f3w, oboz\u00f3w i wycieczek, imprez o charakterze sportowym, poznawczym, turniej\u00f3w, zabaw dla dzieci, m\u0142odzie\u017cy i doros\u0142ych,<\/li>\n<li>organizowanie szkole\u0144 i imprez prozdrowotnych,<\/li>\n<li>organizowanie i inicjowanie lokalnych przedsi\u0119wzi\u0119\u0107 zmierzaj\u0105cych do ochrony \u015brodowiska, ekologii, bezpiecze\u0144stwa, sportu i rekreacji, przeciwdzia\u0142ania alkoholizmowi, dzia\u0142a\u0144 prozdrowotnych,<\/li>\n<li>wsp\u00f3\u0142praca z krajowymi i zagranicznymi instytucjami, organizacjami, \u015brodowiskami i osobami fizycznymi na rzecz realizacji zada\u0144 zgodnych z celami Stowarzyszenia,<\/li>\n<li>organizowanie wypoczynku dzieci i m\u0142odzie\u017cy,<\/li>\n<li>wspieranie i upowszechnianie kultury i kultury fizycznej,<\/li>\n<li>wspieranie i upowszechnianie turystyki i krajoznawstwa,<\/li>\n<li>prowadzenie dzia\u0142alno\u015bci sportowo-rekreacyjnej i zwi\u0105zanej z turystyk\u0105,<\/li>\n<li>organizowanie imprez sportowo-turystycznych.<\/li>\n<\/ul>\n<p style=\"text-align: left;\"><strong>Rozdzia\u0142 III<br \/>\nCz\u0142onkowie &#8211; prawa i obowi\u0105zki<\/strong><\/p>\n<ol style=\"text-align: left;\" start=\"13\">\n<li>Cz\u0142onkami Stowarzyszenia mog\u0105 by\u0107 osoby fizyczne i prawne. Osoba prawna mo\u017ce by\u0107 jedynie cz\u0142onkiem wspieraj\u0105cym Stowarzyszenia.<\/li>\n<\/ol>\n<ol style=\"text-align: left;\" start=\"14\">\n<li>Stowarzyszenie posiada cz\u0142onk\u00f3w:\n<ul>\n<li>zwyczajnych,<\/li>\n<li>wspieraj\u0105cych,<\/li>\n<\/ul>\n<\/li>\n<\/ol>\n<ol style=\"text-align: left;\" start=\"15\">\n<li>Cz\u0142onkiem zwyczajnym Stowarzyszenia mo\u017ce by\u0107 ka\u017cda osoba fizyczna, kt\u00f3ra z\u0142o\u017cy deklaracj\u0119 cz\u0142onkowsk\u0105 na pi\u015bmie. Cz\u0142onkiem zwyczajnym deklaruj\u0105ca osoba staje si\u0119 na podstawie decyzji Zarz\u0105du Stowarzyszenia.<\/li>\n<\/ol>\n<ol style=\"text-align: left;\" start=\"16\">\n<li>Cz\u0142onkiem wspieraj\u0105cym Stowarzyszenia mo\u017ce zosta\u0107 osoba fizyczna lub prawna deklaruj\u0105ca pomoc finansow\u0105, rzeczow\u0105 lub merytoryczn\u0105 w realizacji cel\u00f3w Stowarzyszenia. Cz\u0142onkiem wspieraj\u0105cym staje si\u0119 po z\u0142o\u017ceniu pisemnej deklaracji na podstawie decyzji Zarz\u0105du.<\/li>\n<\/ol>\n<ol style=\"text-align: left;\" start=\"17\">\n<li>Cz\u0142onkowie zwyczajni maj\u0105 prawo:\n<ul>\n<li>biernego i czynnego uczestniczenia w wyborach do w\u0142adz Stowarzyszenia,<\/li>\n<li>korzystania z wszelkich form dzia\u0142alno\u015bci Stowarzyszenia,<\/li>\n<li>udzia\u0142u w zebraniach, wyk\u0142adach oraz imprezach organizowanych przez Stowarzyszenie,<\/li>\n<li>zg\u0142aszania wniosk\u00f3w co do dzia\u0142alno\u015bci Stowarzyszenia,<\/li>\n<\/ul>\n<\/li>\n<\/ol>\n<ol style=\"text-align: left;\" start=\"18\">\n<li>Cz\u0142onkowie zwyczajni maj\u0105 obowi\u0105zek:\n<ul>\n<li>brania udzia\u0142u w dzia\u0142alno\u015bci Stowarzyszenia i realizacji jego cel\u00f3w,<\/li>\n<li>przestrzegania statutu i uchwa\u0142 w\u0142adz Stowarzyszenia, regularnego op\u0142acania sk\u0142adek.<\/li>\n<\/ul>\n<\/li>\n<\/ol>\n<ol style=\"text-align: left;\" start=\"19\">\n<li>Cz\u0142onkowie wspieraj\u0105cy nie posiadaj\u0105 biernego oraz czynnego prawa wyborczego, mog\u0105 jednak bra\u0107 udzia\u0142 z g\u0142osem doradczym w statutowych w\u0142adzach Stowarzyszenia, poza tym posiadaj\u0105 takie prawa jak cz\u0142onkowie zwyczajni. Cz\u0142onek wspieraj\u0105cy ma obowi\u0105zek wywi\u0105zywania si\u0119 z zadeklarowanych \u015bwiadcze\u0144, przestrzegania statutu oraz uchwa\u0142 w\u0142adz Stowarzyszenia.<\/li>\n<\/ol>\n<ol style=\"text-align: left;\" start=\"20\">\n<li>Utrata cz\u0142onkostwa nast\u0119puje na skutek:\n<ul>\n<li>pisemnej rezygnacji z\u0142o\u017conej na r\u0119ce Zarz\u0105du,<\/li>\n<li>wykluczenia przez Zarz\u0105d,<\/li>\n<li>z powodu \u0142amania statutu i nieprzestrzegania uchwa\u0142 w\u0142adz Stowarzyszenia,<\/li>\n<li>z powodu notorycznego niebrania udzia\u0142u w pracach Stowarzyszenia,<\/li>\n<li>z powodu niep\u0142acenia sk\u0142adek przez okres roku,<\/li>\n<li>utraty praw obywatelskich na mocy prawomocnego wyroku s\u0105du,<\/li>\n<li>\u015bmierci cz\u0142onka oraz utraty osobowo\u015bci prawnej przez osoby prawne.<\/li>\n<\/ul>\n<\/li>\n<\/ol>\n<ol style=\"text-align: left;\" start=\"21\">\n<li>Od uchwa\u0142y Zarz\u0105du w sprawie przyj\u0119cia lub nieprzyj\u0119cia w poczet cz\u0142onk\u00f3w stowarzyszenia lub pozbawienia cz\u0142onkostwa zainteresowanemu przys\u0142uguje odwo\u0142anie do Walnego Zgromadzenia Cz\u0142onk\u00f3w w terminie 14 dni od daty dor\u0119czenia uchwa\u0142y o wykluczeniu ze stowarzyszenia.<\/li>\n<\/ol>\n<ol style=\"text-align: left;\" start=\"22\">\n<li>Uchwa\u0142a Walnego Zgromadzenia cz\u0142onk\u00f3w jest ostateczna.<\/li>\n<\/ol>\n<p style=\"text-align: left;\"><strong>Rozdzia\u0142 IV<br \/>\nW\u0142adze Stowarzyszenia <\/strong><\/p>\n<ol style=\"text-align: left;\" start=\"23\">\n<li>W\u0142adzami Stowarzyszenia s\u0105:\n<ul>\n<li>Walne Zgromadzenie Cz\u0142onk\u00f3w,<\/li>\n<li>Zarz\u0105d<\/li>\n<li>Komisja Rewizyjna<\/li>\n<\/ul>\n<\/li>\n<\/ol>\n<ol style=\"text-align: left;\" start=\"24\">\n<li>Kadencja wszystkich w\u0142adz wybieralnych Stowarzyszenia trwa <em>5<\/em> lat, a ich wyb\u00f3r odbywa si\u0119 w g\u0142osowaniu tajnym bezwzgl\u0119dn\u0105 wi\u0119kszo\u015bci\u0105 g\u0142os\u00f3w.<\/li>\n<\/ol>\n<ol style=\"text-align: left;\" start=\"25\">\n<li>Cz\u0142onkowie wybrani do w\u0142adz Stowarzyszenia mog\u0105 t\u0119 sam\u0105 funkcj\u0119 pe\u0142ni\u0107 nieograniczon\u0105 liczb\u0119 kadencji.<\/li>\n<\/ol>\n<ol style=\"text-align: left;\" start=\"26\">\n<li>Uchwa\u0142y wszystkich w\u0142adz Stowarzyszenia zapadaj\u0105 w g\u0142osowaniu jawnym zwyk\u0142\u0105 wi\u0119kszo\u015bci\u0105 g\u0142os\u00f3w przy obecno\u015bci co najmniej po\u0142owy cz\u0142onk\u00f3w uprawnionych do g\u0142osowania w pierwszym terminie, a w drugim terminie bez wzgl\u0119du na liczb\u0119 obecnych cz\u0142onk\u00f3w, chyba, \u017ce dalsze postanowienia statutu stanowi\u0105 inaczej.<\/li>\n<\/ol>\n<p style=\"text-align: left;\"><strong>\u00a0<\/strong><strong>Rozdzia\u0142 V<\/strong><\/p>\n<p style=\"text-align: left;\"><strong>Walne Zgromadzenie Cz\u0142onk\u00f3w<\/strong><\/p>\n<ol style=\"text-align: left;\" start=\"27\">\n<li>Walne Zgromadzenie Cz\u0142onk\u00f3w jest najwy\u017csz\u0105 w\u0142adz\u0105 Stowarzyszenia.<\/li>\n<\/ol>\n<ol style=\"text-align: left;\" start=\"28\">\n<li>W Walnym Zgromadzeniu Cz\u0142onk\u00f3w bior\u0105 udzia\u0142:<\/li>\n<\/ol>\n<ul style=\"text-align: left;\">\n<li>z g\u0142osem stanowi\u0105cym \u2013 cz\u0142onkowie zwyczajni,<\/li>\n<li>z g\u0142osem doradczym \u2013 cz\u0142onkowie wspieraj\u0105cy, honorowi oraz zaproszeni go\u015bcie.<\/li>\n<\/ul>\n<ol style=\"text-align: left;\" start=\"29\">\n<li>Walne Zgromadzenie Cz\u0142onk\u00f3w mo\u017ce by\u0107 zwyczajne i nadzwyczajne.<\/li>\n<\/ol>\n<ol style=\"text-align: left;\" start=\"30\">\n<li>Walne Zgromadzenie Cz\u0142onk\u00f3w zwyczajne jest zwo\u0142ywane raz na rok przez Zarz\u0105d Stowarzyszenia. Termin i miejsce obrad Zarz\u0105d podaje do wiadomo\u015bci wszystkich cz\u0142onk\u00f3w co najmniej na 14 dni przed terminem zebrania w formie informacji na stronach internetowych i w formie elektronicznej.<\/li>\n<\/ol>\n<ol style=\"text-align: left;\" start=\"31\">\n<li>Nadzwyczajne Walne Zebranie Cz\u0142onk\u00f3w mo\u017ce si\u0119 odby\u0107 w ka\u017cdym czasie. Jest zwo\u0142ywane przez Zarz\u0105d z jego inicjatywy, na wniosek Komisji Rewizyjnej lub pisemny wniosek co najmniej 1\/3 og\u00f3lnej liczby cz\u0142onk\u00f3w zwyczajnych Stowarzyszenia.<\/li>\n<\/ol>\n<ol style=\"text-align: left;\" start=\"32\">\n<li>Uchwa\u0142y Walnego Zgromadzenia Stowarzyszenia zapadaj\u0105 bezwzgl\u0119dn\u0105 wi\u0119kszo\u015bci\u0105 g\u0142os\u00f3w w obecno\u015bci przynajmniej po\u0142owy og\u00f3lnej liczby cz\u0142onk\u00f3w. G\u0142osowanie jest jawne.<\/li>\n<\/ol>\n<ol style=\"text-align: left;\" start=\"33\">\n<li>Uchwa\u0142\u0119 o rozwi\u0105zaniu Stowarzyszenia Walne Zgromadzenie Cz\u0142onk\u00f3w podejmuje kwalifikowan\u0105 wi\u0119kszo\u015bci\u0105 g\u0142os\u00f3w 2\/3 przy obecno\u015bci co najmniej po\u0142owy cz\u0142onk\u00f3w uprawnionych do g\u0142osowania.<\/li>\n<\/ol>\n<p style=\"text-align: left;\"><strong>\u00a0<\/strong><strong>Rozdzia\u0142 VI<\/strong><\/p>\n<p style=\"text-align: left;\"><strong>Kompetencje Walnego Zgromadzenia Cz\u0142onk\u00f3w<\/strong><\/p>\n<ol style=\"text-align: left;\" start=\"34\">\n<li>Do kompetencji Walnego Zgromadzenia nale\u017cy:<\/li>\n<\/ol>\n<ol style=\"text-align: left;\">\n<li style=\"list-style-type: none;\">\n<ul>\n<li>okre\u015blenie g\u0142\u00f3wnych kierunk\u00f3w dzia\u0142ania i rozwoju Stowarzyszenia<\/li>\n<li>uchwalania zmian statutu<\/li>\n<li>wyb\u00f3r Prezesa Stowarzyszenia, Zarz\u0105du, Komisji Rewizyjnej<\/li>\n<li>udzielanie Zarz\u0105dowi absolutorium na wniosek Komisji Rewizyjnej<\/li>\n<li>rozpatrywanie sprawozda\u0144 z dzia\u0142alno\u015bci Zarz\u0105du i Komisji Rewizyjnej<\/li>\n<li>uchwalanie regulaminu Zarz\u0105du<\/li>\n<li>uchwalanie bud\u017cetu<\/li>\n<li>uchwalanie wysoko\u015bci sk\u0142adek cz\u0142onkowskich oraz wszystkich innych \u015bwiadcze\u0144 na rzecz Stowarzyszenia<\/li>\n<li>wyb\u00f3r i odwo\u0142ywanie wszystkich w\u0142adz Stowarzyszenia<\/li>\n<li>rozpatrywanie i zatwierdzanie sprawozda\u0144 w\u0142adz Stowarzyszenia,<\/li>\n<li>rozpatrywanie wniosk\u00f3w i postulat\u00f3w zg\u0142oszonych przez cz\u0142onk\u00f3w Stowarzyszenia lub jego w\u0142adze<\/li>\n<li>rozpatrywanie odwo\u0142a\u0144 od uchwa\u0142 Zarz\u0105du<\/li>\n<li>podejmowanie uchwa\u0142y o rozwi\u0105zaniu Stowarzyszenia i przeznaczeniu jego maj\u0105tku<\/li>\n<li>podejmowanie uchwa\u0142 w ka\u017cdej sprawie wniesionej pod obrady<\/li>\n<\/ul>\n<\/li>\n<\/ol>\n<p style=\"text-align: left;\"><strong>\u00a0<\/strong><strong>Rozdzia\u0142 VII<\/strong><\/p>\n<p style=\"text-align: left;\"><strong>Zarz\u0105d<\/strong><\/p>\n<ol style=\"text-align: left;\" start=\"35\">\n<li>Zarz\u0105d jest powo\u0142any do kierowania ca\u0142\u0105 dzia\u0142alno\u015bci\u0105 Stowarzyszenia zgodnie z uchwa\u0142ami Walnego Zgromadzenia Cz\u0142onk\u00f3w, reprezentuje Stowarzyszenie na zewn\u0105trz.<\/li>\n<\/ol>\n<ol style=\"text-align: left;\" start=\"36\">\n<li>Zarz\u0105d sk\u0142ada si\u0119 z Prezesa, Skarbnika, Sekretarza i <em>1<\/em> cz\u0142onka zarz\u0105du.<\/li>\n<\/ol>\n<ol style=\"text-align: left;\" start=\"37\">\n<li>Posiedzenia Zarz\u0105du odbywaj\u0105 si\u0119 w miar\u0119 potrzeb, nie rzadziej jednak ni\u017c <em>raz do roku.<\/em><\/li>\n<\/ol>\n<ol style=\"text-align: left;\" start=\"38\">\n<li>Zarz\u0105d mo\u017ce pobiera\u0107 wynagrodzenie za pe\u0142nione funkcje.<\/li>\n<\/ol>\n<p style=\"text-align: left;\"><strong>\u00a0<\/strong><strong>Rozdzia\u0142 VIII<\/strong><\/p>\n<p style=\"text-align: left;\"><strong>Kompetencje Zarz\u0105du<\/strong><\/p>\n<ol style=\"text-align: left;\" start=\"39\">\n<li>Do kompetencji Zarz\u0105du nale\u017cy:\n<ul>\n<li>realizacja cel\u00f3w Stowarzyszenia,<\/li>\n<li>wykonywanie uchwa\u0142 Walnego Zgromadzenia Cz\u0142onk\u00f3w,<\/li>\n<li>sporz\u0105dzanie plan\u00f3w pracy i bud\u017cetu,<\/li>\n<li>sprawowanie zarz\u0105du nad maj\u0105tkiem Stowarzyszenia,<\/li>\n<li>podejmowanie uchwa\u0142 o nabywaniu, zbywaniu lub obci\u0105\u017caniu maj\u0105tku Stowarzyszenia,<\/li>\n<li>reprezentowanie Stowarzyszenia na zewn\u0105trz,<\/li>\n<li>zwo\u0142ywanie Walnego Zgromadzenia Cz\u0142onk\u00f3w,<\/li>\n<li>organizacja i prowadzenie dzia\u0142alno\u015bci gospodarczej,<\/li>\n<li>przyjmowanie i skre\u015blanie cz\u0142onk\u00f3w,<\/li>\n<\/ul>\n<\/li>\n<\/ol>\n<p style=\"text-align: left;\"><strong>\u00a0<\/strong><strong>Rozdzia\u0142 IX<\/strong><\/p>\n<p style=\"text-align: left;\"><strong>Komisja Rewizyjna<\/strong><\/p>\n<ol style=\"text-align: left;\" start=\"40\">\n<li>Komisja Rewizyjna powo\u0142ana jest do sprawowania kontroli nad dzia\u0142alno\u015bci\u0105 Stowarzyszenia. Kontroluje jego dzia\u0142alno\u015b\u0107 nie rzadziej ni\u017c raz w roku.<\/li>\n<\/ol>\n<ol style=\"text-align: left;\" start=\"41\">\n<li>Komisja Rewizyjna sk\u0142ada si\u0119 z 3 os\u00f3b: przewodnicz\u0105cego, zast\u0119pcy, sekretarza.<\/li>\n<\/ol>\n<ol style=\"text-align: left;\" start=\"42\">\n<li>Posiedzenia Komisji Rewizyjnej zwo\u0142uje przewodnicz\u0105cy Komisji Rewizyjnej.<\/li>\n<\/ol>\n<ol style=\"text-align: left;\" start=\"43\">\n<li>Do kompetencji Komisji Rewizyjnej nale\u017cy:<\/li>\n<\/ol>\n<ul style=\"text-align: left;\">\n<li>kontrolowanie dzia\u0142alno\u015bci Stowarzyszenia,<\/li>\n<li>sk\u0142adanie wniosk\u00f3w z kontroli na Walnym Zgromadzeniu Cz\u0142onk\u00f3w,<\/li>\n<li>prawo \u017c\u0105dania zwo\u0142ania Walnego Zgromadzenia Cz\u0142onk\u00f3w oraz zebrania Zarz\u0105du,<\/li>\n<li>sk\u0142adanie wniosk\u00f3w o absolutorium dla w\u0142adz Stowarzyszenia,<\/li>\n<li>sk\u0142adanie sprawozda\u0144 ze swojej dzia\u0142alno\u015bci na Walnym Zgromadzeniu Cz\u0142onk\u00f3w,<\/li>\n<\/ul>\n<p style=\"text-align: left;\"><strong>Rozdzia\u0142 X<br \/>\nMaj\u0105tek i Fundusze <\/strong><\/p>\n<ol style=\"text-align: left;\" start=\"44\">\n<li>Maj\u0105tek Stowarzyszenia powstaje:<\/li>\n<\/ol>\n<ul style=\"text-align: left;\">\n<li>ze sk\u0142adek cz\u0142onkowskich,<\/li>\n<li>darowizn, spadk\u00f3w, zapis\u00f3w,<\/li>\n<li>dochod\u00f3w z w\u0142asnej dzia\u0142alno\u015bci statutowej,<\/li>\n<li>dotacji i ofiarno\u015bci publicznej.<\/li>\n<\/ul>\n<ol style=\"text-align: left;\" start=\"45\">\n<li>Wszelkie \u015brodki pieni\u0119\u017cne, mog\u0105 by\u0107 przechowywane wy\u0142\u0105cznie na koncie Stowarzyszenia.<\/li>\n<\/ol>\n<ol style=\"text-align: left;\" start=\"46\">\n<li>Stowarzyszenie prowadzi gospodark\u0119 finansow\u0105 zgodnie z obowi\u0105zuj\u0105cymi przepisami.<\/li>\n<\/ol>\n<ol style=\"text-align: left;\" start=\"47\">\n<li>Decyzje w sprawie nabywania, zbywania i obci\u0105\u017cania maj\u0105tku Stowarzyszenia podejmuje Zarz\u0105d.<\/li>\n<\/ol>\n<ol style=\"text-align: left;\" start=\"48\">\n<li>Do zawierania um\u00f3w, udzielania pe\u0142nomocnictwa i sk\u0142adania innych o\u015bwiadcze\u0144 woli w sprawach maj\u0105tkowych wymagane s\u0105 podpisy dw\u00f3ch upowa\u017cnionych przez Zarz\u0105d jego cz\u0142onk\u00f3w.<\/li>\n<\/ol>\n<p style=\"text-align: left;\"><strong>Rozdzia\u0142 VI<\/strong><\/p>\n<p style=\"text-align: left;\"><strong>Spos\u00f3b reprezentacji<\/strong><\/p>\n<p style=\"text-align: left;\">\u00a0\u00a0 49<strong>. <\/strong>Do sk\u0142adania o\u015bwiadcze\u0144 woli w imieniu Stowarzyszenia, w tym w sprawach maj\u0105tkowych, uprawniony jest<\/p>\n<p style=\"text-align: left;\">\u00a0\u00a0 Prezes Zarz\u0105du.<\/p>\n<p style=\"text-align: left;\"><strong>Rozdzia\u0142 VI<br \/>\nPostanowienia ko\u0144cowe <\/strong><\/p>\n<ol style=\"text-align: left;\" start=\"50\">\n<li>Uchwa\u0142\u0119 w sprawie zmiany statutu oraz uchwa\u0142\u0119 o rozwi\u0105zaniu Stowarzyszenia podejmuje Walne Zgromadzenie Cz\u0142onk\u00f3w kwalifikowan\u0105 wi\u0119kszo\u015bci\u0105 g\u0142os\u00f3w &#8211; (dw\u00f3ch trzecich),przy obecno\u015bci co najmniej po\u0142owy uprawnionych do g\u0142osowania.<\/li>\n<\/ol>\n<ol style=\"text-align: left;\" start=\"51\">\n<li>Podejmuj\u0105c uchwa\u0142\u0119 o rozwi\u0105zaniu Stowarzyszenia Walne Zgromadzenie Cz\u0142onk\u00f3w okre\u015bla spos\u00f3b jego likwidacji oraz przeznaczenie maj\u0105tku Stowarzyszenia.<\/li>\n<\/ol>\n<ol start=\"52\">\n<li style=\"text-align: left;\">W sprawach nie uregulowanych w niniejszym statucie zastosowanie maj\u0105 przepisy Prawa o Stowarzyszeniach.<\/li>\n<\/ol>\n","protected":false},"excerpt":{"rendered":"<p>STATUT STOWARZYSZENIA \u201eSPORT I ZABAWA\u201d Rozdzia\u0142 I Postanowienia og\u00f3lne Stowarzyszenie nosi nazw\u0119 \u201eSPORT I ZABAWA\u201d w dalszych postanowieniach statutu zwane Stowarzyszeniem. Stowarzyszenie jest zrzeszeniem os\u00f3b fizycznych, zawi\u0105zanym dla realizacji i propagowania sportu i aktywnego wypoczynku dzieci, m\u0142odzie\u017cy i doros\u0142ych, organizacji czasu wolnego dla dzieci, m\u0142odzie\u017cy i ich rodzic\u00f3w, upowszechniania idei zdrowego trybu \u017cycia, rozwijania pasji&hellip;<\/p>\n","protected":false},"author":1,"featured_media":0,"parent":0,"menu_order":0,"comment_status":"closed","ping_status":"closed","template":"","meta":{"ngg_post_thumbnail":0,"two_page_speed":[],"footnotes":""},"class_list":["post-45","page","type-page","status-publish","hentry"],"_links":{"self":[{"href":"https:\/\/sportizabawa.eu\/index.php\/wp-json\/wp\/v2\/pages\/45","targetHints":{"allow":["GET"]}}],"collection":[{"href":"https:\/\/sportizabawa.eu\/index.php\/wp-json\/wp\/v2\/pages"}],"about":[{"href":"https:\/\/sportizabawa.eu\/index.php\/wp-json\/wp\/v2\/types\/page"}],"author":[{"embeddable":true,"href":"https:\/\/sportizabawa.eu\/index.php\/wp-json\/wp\/v2\/users\/1"}],"replies":[{"embeddable":true,"href":"https:\/\/sportizabawa.eu\/index.php\/wp-json\/wp\/v2\/comments?post=45"}],"version-history":[{"count":4,"href":"https:\/\/sportizabawa.eu\/index.php\/wp-json\/wp\/v2\/pages\/45\/revisions"}],"predecessor-version":[{"id":132,"href":"https:\/\/sportizabawa.eu\/index.php\/wp-json\/wp\/v2\/pages\/45\/revisions\/132"}],"wp:attachment":[{"href":"https:\/\/sportizabawa.eu\/index.php\/wp-json\/wp\/v2\/media?parent=45"}],"curies":[{"name":"wp","href":"https:\/\/api.w.org\/{rel}","templated":true}]}}